{"id":446,"date":"2020-08-05T11:38:58","date_gmt":"2020-08-05T11:38:58","guid":{"rendered":"http:\/\/smartdemowp.com\/visarzo\/?page_id=446"},"modified":"2021-10-03T01:14:09","modified_gmt":"2021-10-02T23:14:09","slug":"service-aux-particuliers","status":"publish","type":"page","link":"https:\/\/vi2vals-immigration.ca\/en\/service-aux-particuliers\/","title":{"rendered":"Particular services"},"content":{"rendered":"<div data-elementor-type=\"wp-page\" data-elementor-id=\"446\" class=\"elementor elementor-446\">\n\t\t\t\t\t\t\t\t\t<section data-particle_enable=\"false\" data-particle-mobile-disabled=\"false\" class=\"elementor-section elementor-top-section elementor-element elementor-element-287f5da elementor-section-stretched elementor-section-full_width elementor-section-height-default elementor-section-height-default\" data-id=\"287f5da\" data-element_type=\"section\" data-settings=\"{&quot;stretch_section&quot;:&quot;section-stretched&quot;}\">\n\t\t\t\t\t\t<div class=\"elementor-container elementor-column-gap-no\">\n\t\t\t\t\t<div class=\"elementor-column elementor-col-100 elementor-top-column elementor-element elementor-element-61410f5\" data-id=\"61410f5\" data-element_type=\"column\">\n\t\t\t<div class=\"elementor-widget-wrap elementor-element-populated\">\n\t\t\t\t\t\t\t\t<div class=\"elementor-element elementor-element-a9c985c elementor-widget elementor-widget-visarzo_sevice\" data-id=\"a9c985c\" data-element_type=\"widget\" data-widget_type=\"visarzo_sevice.default\">\n\t\t\t\t<div class=\"elementor-widget-container\">\n\t\t\t\t\t\t\t<section class=\"service-style-two service-page-1 bg-color-3\">\n\t\t\t<div class=\"auto-container\">\n\t\t\t\t\t\t\t\t<div class=\"sec-title centred\">\n\t\t\t\t\t<p><\/p>\n\t\t\t\t\t<h2 class=\"service_heading\"><\/h2>\n\t\t\t\t\t<span><\/span>\n\t\t\t\t\t<div class=\"dotted-box\">\n\t\t\t\t\t\t<span class=\"dotted\"><\/span>\n\t\t\t\t\t\t<span class=\"dotted\"><\/span>\n\t\t\t\t\t\t<span class=\"dotted\"><\/span>\n\t\t\t\t\t<\/div>\n\t\t\t\t<\/div>\n\t\t\t\t\t\t\t\t<div class=\"row clearfix\">\n\t\t\t\t\t\t\t\t\t<div class=\"col-lg-3 col-md-6 col-sm-12 service-block\">\n\t\t\t\t\t\t<div class=\"service-block-two\">\n\t\t\t\t\t\t\t<div class=\"inner-box\">\n\t\t\t\t\t\t\t\t<figure class=\"image-box\"><a href=\"https:\/\/vi2vals-immigration.ca\/en\/service\/visiteurs\/\"><img decoding=\"async\" src=\"https:\/\/vi2vals-immigration.ca\/wp-content\/uploads\/2021\/09\/visiteur.jpg\" title=\"\" alt=\"\" loading=\"lazy\" \/><\/a><\/figure>\n\t\t\t\t\t\t\t\t<div class=\"lower-content\">\n\t\t\t\t\t\t\t\t\t<div class=\"box\">\n\t\t\t\t\t\t\t\t\t\t<div class=\"icon-box\">\n\t\t\t\t\t\t\t\t\t\t<i aria-hidden=\"true\" class=\"flaticon-bus-stop\"><\/i>\t\t\t\t\t\t\t\t\t\t<\/div>\n\t\t\t\t\t\t\t\t\t\t\t\t\t\t\t\t\t\t\t\t\t<h3><a href=\"https:\/\/vi2vals-immigration.ca\/en\/service\/visiteurs\/\"\">visitors<\/a><\/h3>\n\t\t\t\t\t\t\t\t\t\t\t\t\t\t\t\t\t\t\t\t<p>Foreign nationals from certain countries who wish to visit Canada may need to apply for a visa to enter...<\/p>\n\t\t\t\t\t\t\t\t\t<\/div>\n\t\t\t\t\t\t\t\t\t\t\t\t\t\t\t\t\t\t\t<div class=\"link\"><a href=\"https:\/\/vi2vals-immigration.ca\/en\/service\/visiteurs\/\"  >Read More<i class=\"flaticon-send\"><\/i><\/a><\/div>\n\t\t\t\t\t\t\t\t\t\t\t\t\t\t\t\t\t<\/div>\n\t\t\t\t\t\t\t<\/div>\n\t\t\t\t\t\t<\/div>\n\t\t\t\t\t<\/div>\n\t\t\t\t\t\t\t\t\t\t<div class=\"col-lg-3 col-md-6 col-sm-12 service-block\">\n\t\t\t\t\t\t<div class=\"service-block-two\">\n\t\t\t\t\t\t\t<div class=\"inner-box\">\n\t\t\t\t\t\t\t\t<figure class=\"image-box\"><a href=\"https:\/\/vi2vals-immigration.ca\/en\/service\/etudiants\/\"><img decoding=\"async\" src=\"https:\/\/vi2vals-immigration.ca\/wp-content\/uploads\/2020\/08\/service-2.jpg\" title=\"Etudiants\" alt=\"Etudiants\" loading=\"lazy\" \/><\/a><\/figure>\n\t\t\t\t\t\t\t\t<div class=\"lower-content\">\n\t\t\t\t\t\t\t\t\t<div class=\"box\">\n\t\t\t\t\t\t\t\t\t\t<div class=\"icon-box\">\n\t\t\t\t\t\t\t\t\t\t<i aria-hidden=\"true\" class=\"flaticon-flight\"><\/i>\t\t\t\t\t\t\t\t\t\t<\/div>\n\t\t\t\t\t\t\t\t\t\t\t\t\t\t\t\t\t\t\t\t\t<h3><a href=\"https:\/\/vi2vals-immigration.ca\/en\/service\/etudiants\/\"\">students<\/a><\/h3>\n\t\t\t\t\t\t\t\t\t\t\t\t\t\t\t\t\t\t\t\t<p>For decades, Canada has welcomed thousands of international students to the world every year...<\/p>\n\t\t\t\t\t\t\t\t\t<\/div>\n\t\t\t\t\t\t\t\t\t\t\t\t\t\t\t\t\t\t\t<div class=\"link\"><a href=\"https:\/\/vi2vals-immigration.ca\/en\/service\/etudiants\/\"  target=\"_blank\"  rel=\"nofollow\">Read More<i class=\"flaticon-send\"><\/i><\/a><\/div>\n\t\t\t\t\t\t\t\t\t\t\t\t\t\t\t\t\t<\/div>\n\t\t\t\t\t\t\t<\/div>\n\t\t\t\t\t\t<\/div>\n\t\t\t\t\t<\/div>\n\t\t\t\t\t\t\t\t\t\t<div class=\"col-lg-3 col-md-6 col-sm-12 service-block\">\n\t\t\t\t\t\t<div class=\"service-block-two\">\n\t\t\t\t\t\t\t<div class=\"inner-box\">\n\t\t\t\t\t\t\t\t<figure class=\"image-box\"><a href=\"https:\/\/vi2vals-immigration.ca\/en\/service\/travailleur\/\"><img decoding=\"async\" src=\"https:\/\/vi2vals-immigration.ca\/wp-content\/uploads\/2021\/09\/travailleur.jpg\" title=\"\" alt=\"\" loading=\"lazy\" \/><\/a><\/figure>\n\t\t\t\t\t\t\t\t<div class=\"lower-content\">\n\t\t\t\t\t\t\t\t\t<div class=\"box\">\n\t\t\t\t\t\t\t\t\t\t<div class=\"icon-box\">\n\t\t\t\t\t\t\t\t\t\t<i aria-hidden=\"true\" class=\"flaticon-manager\"><\/i>\t\t\t\t\t\t\t\t\t\t<\/div>\n\t\t\t\t\t\t\t\t\t\t\t\t\t\t\t\t\t\t\t\t\t<h3><a href=\"https:\/\/vi2vals-immigration.ca\/en\/service\/travailleur\/\"\">workers<\/a><\/h3>\n\t\t\t\t\t\t\t\t\t\t\t\t\t\t\t\t\t\t\t\t<p>In general, the majority of people will need a work permit to work in Canada on a temporary basis. Foreign workers\u2014 <\/p>\n\t\t\t\t\t\t\t\t\t<\/div>\n\t\t\t\t\t\t\t\t\t\t\t\t\t\t\t\t\t\t\t<div class=\"link\"><a href=\"https:\/\/vi2vals-immigration.ca\/en\/service\/travailleur\/\"  target=\"_blank\"  rel=\"nofollow\">Read More<i class=\"flaticon-send\"><\/i><\/a><\/div>\n\t\t\t\t\t\t\t\t\t\t\t\t\t\t\t\t\t<\/div>\n\t\t\t\t\t\t\t<\/div>\n\t\t\t\t\t\t<\/div>\n\t\t\t\t\t<\/div>\n\t\t\t\t\t\t\t\t\t\t<div class=\"col-lg-3 col-md-6 col-sm-12 service-block\">\n\t\t\t\t\t\t<div class=\"service-block-two\">\n\t\t\t\t\t\t\t<div class=\"inner-box\">\n\t\t\t\t\t\t\t\t<figure class=\"image-box\"><a href=\"https:\/\/vi2vals-immigration.ca\/en\/service\/permanent\/\"><img decoding=\"async\" src=\"https:\/\/vi2vals-immigration.ca\/wp-content\/uploads\/2021\/09\/immigration.jpg\" title=\"\" alt=\"\" loading=\"lazy\" \/><\/a><\/figure>\n\t\t\t\t\t\t\t\t<div class=\"lower-content\">\n\t\t\t\t\t\t\t\t\t<div class=\"box\">\n\t\t\t\t\t\t\t\t\t\t<div class=\"icon-box\">\n\t\t\t\t\t\t\t\t\t\t<i aria-hidden=\"true\" class=\"flaticon-airport\"><\/i>\t\t\t\t\t\t\t\t\t\t<\/div>\n\t\t\t\t\t\t\t\t\t\t\t\t\t\t\t\t\t\t\t\t\t<h3><a href=\"https:\/\/vi2vals-immigration.ca\/en\/service\/permanent\/\"\">permanent immigration<\/a><\/h3>\n\t\t\t\t\t\t\t\t\t\t\t\t\t\t\t\t\t\t\t\t<p>There are a multitude of pathways to permanent residence, whether you\u2019re in Canada or....<\/p>\n\t\t\t\t\t\t\t\t\t<\/div>\n\t\t\t\t\t\t\t\t\t\t\t\t\t\t\t\t\t\t\t<div class=\"link\"><a href=\"https:\/\/vi2vals-immigration.ca\/en\/service\/permanent\/\"  target=\"_blank\"  rel=\"nofollow\">Read More<i class=\"flaticon-send\"><\/i><\/a><\/div>\n\t\t\t\t\t\t\t\t\t\t\t\t\t\t\t\t\t<\/div>\n\t\t\t\t\t\t\t<\/div>\n\t\t\t\t\t\t<\/div>\n\t\t\t\t\t<\/div>\n\t\t\t\t\t\t\t\t\t\t<div class=\"col-lg-3 col-md-6 col-sm-12 service-block\">\n\t\t\t\t\t\t<div class=\"service-block-two\">\n\t\t\t\t\t\t\t<div class=\"inner-box\">\n\t\t\t\t\t\t\t\t<figure class=\"image-box\"><a href=\"https:\/\/vi2vals-immigration.ca\/en\/service\/citoyens\/\"><img decoding=\"async\" src=\"https:\/\/vi2vals-immigration.ca\/wp-content\/uploads\/2021\/09\/citoyens-3.jpg\" title=\"\" alt=\"\" loading=\"lazy\" \/><\/a><\/figure>\n\t\t\t\t\t\t\t\t<div class=\"lower-content\">\n\t\t\t\t\t\t\t\t\t<div class=\"box\">\n\t\t\t\t\t\t\t\t\t\t<div class=\"icon-box\">\n\t\t\t\t\t\t\t\t\t\t<i aria-hidden=\"true\" class=\"flaticon-group-of-users-silhouette\"><\/i>\t\t\t\t\t\t\t\t\t\t<\/div>\n\t\t\t\t\t\t\t\t\t\t\t\t\t\t\t\t\t\t\t\t\t<h3><a href=\"https:\/\/vi2vals-immigration.ca\/en\/service\/citoyens\/\"\">citizenship<\/a><\/h3>\n\t\t\t\t\t\t\t\t\t\t\t\t\t\t\t\t\t\t\t\t<p>Canadian citizenship is a status with rights...<\/p>\n\t\t\t\t\t\t\t\t\t<\/div>\n\t\t\t\t\t\t\t\t\t\t\t\t\t\t\t\t\t\t\t<div class=\"link\"><a href=\"https:\/\/vi2vals-immigration.ca\/en\/service\/citoyens\/\"  target=\"_blank\"  rel=\"nofollow\">Read More<i class=\"flaticon-send\"><\/i><\/a><\/div>\n\t\t\t\t\t\t\t\t\t\t\t\t\t\t\t\t\t<\/div>\n\t\t\t\t\t\t\t<\/div>\n\t\t\t\t\t\t<\/div>\n\t\t\t\t\t<\/div>\n\t\t\t\t\t\t\t\t\t\t<div class=\"col-lg-3 col-md-6 col-sm-12 service-block\">\n\t\t\t\t\t\t<div class=\"service-block-two\">\n\t\t\t\t\t\t\t<div class=\"inner-box\">\n\t\t\t\t\t\t\t\t<figure class=\"image-box\"><a href=\"https:\/\/vi2vals-immigration.ca\/en\/service\/surmonter-son-inadmissibilite\/\"><img decoding=\"async\" src=\"https:\/\/vi2vals-immigration.ca\/wp-content\/uploads\/2021\/09\/surmonter.jpg\" title=\"surmonter\" alt=\"surmonter\" loading=\"lazy\" \/><\/a><\/figure>\n\t\t\t\t\t\t\t\t<div class=\"lower-content\">\n\t\t\t\t\t\t\t\t\t<div class=\"box\">\n\t\t\t\t\t\t\t\t\t\t<div class=\"icon-box\">\n\t\t\t\t\t\t\t\t\t\t<i aria-hidden=\"true\" class=\"fas fa-hiking\"><\/i>\t\t\t\t\t\t\t\t\t\t<\/div>\n\t\t\t\t\t\t\t\t\t\t\t\t\t\t\t\t\t\t\t\t\t<h3><a href=\"https:\/\/vi2vals-immigration.ca\/en\/service\/surmonter-son-inadmissibilite\/\"\">Overcoming ineligibility<\/a><\/h3>\n\t\t\t\t\t\t\t\t\t\t\t\t\t\t\t\t\t\t\t\t<p>some situations related to crime, health, etc.<\/p>\n\t\t\t\t\t\t\t\t\t<\/div>\n\t\t\t\t\t\t\t\t\t\t\t\t\t\t\t\t\t\t\t<div class=\"link\"><a href=\"https:\/\/vi2vals-immigration.ca\/en\/service\/surmonter-son-inadmissibilite\/\"  target=\"_blank\"  rel=\"nofollow\">Read More<i class=\"flaticon-send\"><\/i><\/a><\/div>\n\t\t\t\t\t\t\t\t\t\t\t\t\t\t\t\t\t<\/div>\n\t\t\t\t\t\t\t<\/div>\n\t\t\t\t\t\t<\/div>\n\t\t\t\t\t<\/div>\n\t\t\t\t\t\t\t\t\t\t<div class=\"col-lg-3 col-md-6 col-sm-12 service-block\">\n\t\t\t\t\t\t<div class=\"service-block-two\">\n\t\t\t\t\t\t\t<div class=\"inner-box\">\n\t\t\t\t\t\t\t\t<figure class=\"image-box\"><a href=\"https:\/\/vi2vals-immigration.ca\/en\/service\/installation-et-integration\/\"><img decoding=\"async\" src=\"https:\/\/vi2vals-immigration.ca\/wp-content\/uploads\/2021\/09\/integration.jpg\" title=\"integration\" alt=\"integration\" loading=\"lazy\" \/><\/a><\/figure>\n\t\t\t\t\t\t\t\t<div class=\"lower-content\">\n\t\t\t\t\t\t\t\t\t<div class=\"box\">\n\t\t\t\t\t\t\t\t\t\t<div class=\"icon-box\">\n\t\t\t\t\t\t\t\t\t\t<i aria-hidden=\"true\" class=\"flaticon-seminar\"><\/i>\t\t\t\t\t\t\t\t\t\t<\/div>\n\t\t\t\t\t\t\t\t\t\t\t\t\t\t\t\t\t\t\t\t\t<h3><a href=\"https:\/\/vi2vals-immigration.ca\/en\/service\/installation-et-integration\/\"\">installation and integration<\/a><\/h3>\n\t\t\t\t\t\t\t\t\t\t\t\t\t\t\t\t\t\t\t\t<p>The immigration process is not limited to....<\/p>\n\t\t\t\t\t\t\t\t\t<\/div>\n\t\t\t\t\t\t\t\t\t\t\t\t\t\t\t\t\t\t\t<div class=\"link\"><a href=\"https:\/\/vi2vals-immigration.ca\/en\/service\/installation-et-integration\/\"  target=\"_blank\"  rel=\"nofollow\">Read More<i class=\"flaticon-send\"><\/i><\/a><\/div>\n\t\t\t\t\t\t\t\t\t\t\t\t\t\t\t\t\t<\/div>\n\t\t\t\t\t\t\t<\/div>\n\t\t\t\t\t\t<\/div>\n\t\t\t\t\t<\/div>\n\t\t\t\t\t\t\t\t\t\t<div class=\"col-lg-3 col-md-6 col-sm-12 service-block\">\n\t\t\t\t\t\t<div class=\"service-block-two\">\n\t\t\t\t\t\t\t<div class=\"inner-box\">\n\t\t\t\t\t\t\t\t<figure class=\"image-box\"><a href=\"https:\/\/vi2vals-immigration.ca\/en\/service\/assermentation-de-documents\/\"><img decoding=\"async\" src=\"https:\/\/vi2vals-immigration.ca\/wp-content\/uploads\/2021\/09\/document.jpg\" title=\"document\" alt=\"document\" loading=\"lazy\" \/><\/a><\/figure>\n\t\t\t\t\t\t\t\t<div class=\"lower-content\">\n\t\t\t\t\t\t\t\t\t<div class=\"box\">\n\t\t\t\t\t\t\t\t\t\t<div class=\"icon-box\">\n\t\t\t\t\t\t\t\t\t\t<i aria-hidden=\"true\" class=\"flaticon-accept\"><\/i>\t\t\t\t\t\t\t\t\t\t<\/div>\n\t\t\t\t\t\t\t\t\t\t\t\t\t\t\t\t\t\t\t\t\t<h3><a href=\"https:\/\/vi2vals-immigration.ca\/en\/service\/assermentation-de-documents\/\"\">Swearing in of documents<\/a><\/h3>\n\t\t\t\t\t\t\t\t\t\t\t\t\t\t\t\t\t\t\t\t<p>you were asked to have a certain ...<\/p>\n\t\t\t\t\t\t\t\t\t<\/div>\n\t\t\t\t\t\t\t\t\t\t\t\t\t\t\t\t\t\t\t<div class=\"link\"><a href=\"https:\/\/vi2vals-immigration.ca\/en\/service\/assermentation-de-documents\/\"  target=\"_blank\"  rel=\"nofollow\">Read More<i class=\"flaticon-send\"><\/i><\/a><\/div>\n\t\t\t\t\t\t\t\t\t\t\t\t\t\t\t\t\t<\/div>\n\t\t\t\t\t\t\t<\/div>\n\t\t\t\t\t\t<\/div>\n\t\t\t\t\t<\/div>\n\t\t\t\t\t\t\t\t\t\t\n\t\t\t\t<\/div>\n\t\t\t<\/div>\n\t\t\t\t\t\t<div class=\"more-text centred\">\n\t\t\t\t<div class=\"auto-container\">\n\t\t\t\t\t<div class=\"inner\">\n\t\t\t\t\t\t<h3> <a href=\"https:\/\/vi2vals-immigration.ca\/en\/service-aux-entreprises\/\"  ><span>Business services<\/span><i class=\"flaticon-send\"><\/i><\/a><\/h3>\n\t\t\t\t\t<\/div>\n\t\t\t\t<\/div>\n\t\t\t<\/div>\n\t\t\t\t\t<\/section>\n\t\t\t\t<\/div>\n\t\t\t\t<\/div>\n\t\t\t\t<div class=\"elementor-element elementor-element-5c67dca elementor-widget elementor-widget-spacer\" data-id=\"5c67dca\" data-element_type=\"widget\" data-widget_type=\"spacer.default\">\n\t\t\t\t<div class=\"elementor-widget-container\">\n\t\t\t<style>\/*! elementor - v3.11.0 - 13-02-2023 *\/\n.elementor-column .elementor-spacer-inner{height:var(--spacer-size)}.e-con{--container-widget-width:100%}.e-con-inner>.elementor-widget-spacer,.e-con>.elementor-widget-spacer{width:var(--container-widget-width,var(--spacer-size));--align-self:var(--container-widget-align-self,initial);--flex-shrink:0}.e-con-inner>.elementor-widget-spacer>.elementor-widget-container,.e-con-inner>.elementor-widget-spacer>.elementor-widget-container>.elementor-spacer,.e-con>.elementor-widget-spacer>.elementor-widget-container,.e-con>.elementor-widget-spacer>.elementor-widget-container>.elementor-spacer{height:100%}.e-con-inner>.elementor-widget-spacer>.elementor-widget-container>.elementor-spacer>.elementor-spacer-inner,.e-con>.elementor-widget-spacer>.elementor-widget-container>.elementor-spacer>.elementor-spacer-inner{height:var(--container-widget-height,var(--spacer-size))}<\/style>\t\t<div class=\"elementor-spacer\">\n\t\t\t<div class=\"elementor-spacer-inner\"><\/div>\n\t\t<\/div>\n\t\t\t\t<\/div>\n\t\t\t\t<\/div>\n\t\t\t\t\t<\/div>\n\t\t<\/div>\n\t\t\t\t\t\t\t<\/div>\n\t\t<\/section>\n\t\t\t\t\t\t\t<\/div>","protected":false},"excerpt":{"rendered":"<p>\u00c9tudiants Depuis des d\u00e9cennies, le Canada accueille chaque ann\u00e9e des milliers d\u2019\u00e9tudiants internationaux \u00e0 travers le monde&#8230; Read More Immigration [&hellip;]<\/p>","protected":false},"author":1,"featured_media":854,"parent":0,"menu_order":0,"comment_status":"closed","ping_status":"closed","template":"elementor_header_footer","meta":{"footnotes":""},"class_list":["post-446","page","type-page","status-publish","has-post-thumbnail","hentry"],"yoast_head":"<!-- This site is optimized with the Yoast SEO plugin v20.1 - https:\/\/yoast.com\/wordpress\/plugins\/seo\/ -->\n<title>Services aux particuliers - Vi2vals-Immigration<\/title>\n<meta name=\"robots\" content=\"index, follow, max-snippet:-1, max-image-preview:large, max-video-preview:-1\" \/>\n<link rel=\"canonical\" href=\"https:\/\/vi2vals-immigration.ca\/en\/service-aux-particuliers\/\" \/>\n<meta property=\"og:locale\" content=\"en_GB\" \/>\n<meta property=\"og:type\" content=\"article\" \/>\n<meta property=\"og:title\" content=\"Services aux particuliers - Vi2vals-Immigration\" \/>\n<meta property=\"og:description\" content=\"\u00c9tudiants Depuis des d\u00e9cennies, le Canada accueille chaque ann\u00e9e des milliers d\u2019\u00e9tudiants internationaux \u00e0 travers le monde&#8230; Read More Immigration [&hellip;]\" \/>\n<meta property=\"og:url\" content=\"https:\/\/vi2vals-immigration.ca\/en\/service-aux-particuliers\/\" \/>\n<meta property=\"og:site_name\" content=\"Vi2vals-Immigration\" \/>\n<meta property=\"article:publisher\" content=\"https:\/\/www.facebook.com\/Vi2ValsImmigration\" \/>\n<meta property=\"article:modified_time\" content=\"2021-10-02T23:14:09+00:00\" \/>\n<meta property=\"og:image\" content=\"https:\/\/vi2vals-immigration.ca\/wp-content\/uploads\/2020\/08\/page-title-6.jpg\" \/>\n\t<meta property=\"og:image:width\" content=\"1920\" \/>\n\t<meta property=\"og:image:height\" content=\"485\" \/>\n\t<meta property=\"og:image:type\" content=\"image\/jpeg\" \/>\n<meta name=\"twitter:card\" content=\"summary_large_image\" \/>\n<script type=\"application\/ld+json\" class=\"yoast-schema-graph\">{\"@context\":\"https:\/\/schema.org\",\"@graph\":[{\"@type\":\"WebPage\",\"@id\":\"https:\/\/vi2vals-immigration.ca\/service-aux-particuliers\/\",\"url\":\"https:\/\/vi2vals-immigration.ca\/service-aux-particuliers\/\",\"name\":\"Services aux particuliers - Vi2vals-Immigration\",\"isPartOf\":{\"@id\":\"https:\/\/vi2vals-immigration.ca\/#website\"},\"datePublished\":\"2020-08-05T11:38:58+00:00\",\"dateModified\":\"2021-10-02T23:14:09+00:00\",\"breadcrumb\":{\"@id\":\"https:\/\/vi2vals-immigration.ca\/service-aux-particuliers\/#breadcrumb\"},\"inLanguage\":\"en-GB\",\"potentialAction\":[{\"@type\":\"ReadAction\",\"target\":[\"https:\/\/vi2vals-immigration.ca\/service-aux-particuliers\/\"]}]},{\"@type\":\"BreadcrumbList\",\"@id\":\"https:\/\/vi2vals-immigration.ca\/service-aux-particuliers\/#breadcrumb\",\"itemListElement\":[{\"@type\":\"ListItem\",\"position\":1,\"name\":\"Accueil\",\"item\":\"https:\/\/vi2vals-immigration.ca\/\"},{\"@type\":\"ListItem\",\"position\":2,\"name\":\"Services aux particuliers\"}]},{\"@type\":\"WebSite\",\"@id\":\"https:\/\/vi2vals-immigration.ca\/#website\",\"url\":\"https:\/\/vi2vals-immigration.ca\/\",\"name\":\"Vi2vals-Immigration\",\"description\":\"votre projet de A \u00e0 Z\",\"publisher\":{\"@id\":\"https:\/\/vi2vals-immigration.ca\/#organization\"},\"potentialAction\":[{\"@type\":\"SearchAction\",\"target\":{\"@type\":\"EntryPoint\",\"urlTemplate\":\"https:\/\/vi2vals-immigration.ca\/?s={search_term_string}\"},\"query-input\":\"required name=search_term_string\"}],\"inLanguage\":\"en-GB\"},{\"@type\":\"Organization\",\"@id\":\"https:\/\/vi2vals-immigration.ca\/#organization\",\"name\":\"Vi2vals Immigration Inc.\",\"url\":\"https:\/\/vi2vals-immigration.ca\/\",\"logo\":{\"@type\":\"ImageObject\",\"inLanguage\":\"en-GB\",\"@id\":\"https:\/\/vi2vals-immigration.ca\/#\/schema\/logo\/image\/\",\"url\":\"https:\/\/vi2vals-immigration.ca\/wp-content\/uploads\/2022\/01\/logoSEO.jpeg\",\"contentUrl\":\"https:\/\/vi2vals-immigration.ca\/wp-content\/uploads\/2022\/01\/logoSEO.jpeg\",\"width\":363,\"height\":363,\"caption\":\"Vi2vals Immigration Inc.\"},\"image\":{\"@id\":\"https:\/\/vi2vals-immigration.ca\/#\/schema\/logo\/image\/\"},\"sameAs\":[\"https:\/\/www.facebook.com\/Vi2ValsImmigration\"]}]}<\/script>\n<!-- \/ Yoast SEO plugin. -->","yoast_head_json":{"title":"Services aux particuliers - Vi2vals-Immigration","robots":{"index":"index","follow":"follow","max-snippet":"max-snippet:-1","max-image-preview":"max-image-preview:large","max-video-preview":"max-video-preview:-1"},"canonical":"https:\/\/vi2vals-immigration.ca\/en\/service-aux-particuliers\/","og_locale":"en_GB","og_type":"article","og_title":"Services aux particuliers - Vi2vals-Immigration","og_description":"\u00c9tudiants Depuis des d\u00e9cennies, le Canada accueille chaque ann\u00e9e des milliers d\u2019\u00e9tudiants internationaux \u00e0 travers le monde&#8230; Read More Immigration [&hellip;]","og_url":"https:\/\/vi2vals-immigration.ca\/en\/service-aux-particuliers\/","og_site_name":"Vi2vals-Immigration","article_publisher":"https:\/\/www.facebook.com\/Vi2ValsImmigration","article_modified_time":"2021-10-02T23:14:09+00:00","og_image":[{"width":1920,"height":485,"url":"https:\/\/vi2vals-immigration.ca\/wp-content\/uploads\/2020\/08\/page-title-6.jpg","type":"image\/jpeg"}],"twitter_card":"summary_large_image","schema":{"@context":"https:\/\/schema.org","@graph":[{"@type":"WebPage","@id":"https:\/\/vi2vals-immigration.ca\/service-aux-particuliers\/","url":"https:\/\/vi2vals-immigration.ca\/service-aux-particuliers\/","name":"Services aux particuliers - Vi2vals-Immigration","isPartOf":{"@id":"https:\/\/vi2vals-immigration.ca\/#website"},"datePublished":"2020-08-05T11:38:58+00:00","dateModified":"2021-10-02T23:14:09+00:00","breadcrumb":{"@id":"https:\/\/vi2vals-immigration.ca\/service-aux-particuliers\/#breadcrumb"},"inLanguage":"en-GB","potentialAction":[{"@type":"ReadAction","target":["https:\/\/vi2vals-immigration.ca\/service-aux-particuliers\/"]}]},{"@type":"BreadcrumbList","@id":"https:\/\/vi2vals-immigration.ca\/service-aux-particuliers\/#breadcrumb","itemListElement":[{"@type":"ListItem","position":1,"name":"Accueil","item":"https:\/\/vi2vals-immigration.ca\/"},{"@type":"ListItem","position":2,"name":"Services aux particuliers"}]},{"@type":"WebSite","@id":"https:\/\/vi2vals-immigration.ca\/#website","url":"https:\/\/vi2vals-immigration.ca\/","name":"Vi2vals-Immigration","description":"votre projet de A \u00e0 Z","publisher":{"@id":"https:\/\/vi2vals-immigration.ca\/#organization"},"potentialAction":[{"@type":"SearchAction","target":{"@type":"EntryPoint","urlTemplate":"https:\/\/vi2vals-immigration.ca\/?s={search_term_string}"},"query-input":"required name=search_term_string"}],"inLanguage":"en-GB"},{"@type":"Organization","@id":"https:\/\/vi2vals-immigration.ca\/#organization","name":"Vi2vals Immigration Inc.","url":"https:\/\/vi2vals-immigration.ca\/","logo":{"@type":"ImageObject","inLanguage":"en-GB","@id":"https:\/\/vi2vals-immigration.ca\/#\/schema\/logo\/image\/","url":"https:\/\/vi2vals-immigration.ca\/wp-content\/uploads\/2022\/01\/logoSEO.jpeg","contentUrl":"https:\/\/vi2vals-immigration.ca\/wp-content\/uploads\/2022\/01\/logoSEO.jpeg","width":363,"height":363,"caption":"Vi2vals Immigration Inc."},"image":{"@id":"https:\/\/vi2vals-immigration.ca\/#\/schema\/logo\/image\/"},"sameAs":["https:\/\/www.facebook.com\/Vi2ValsImmigration"]}]}},"_links":{"self":[{"href":"https:\/\/vi2vals-immigration.ca\/en\/wp-json\/wp\/v2\/pages\/446","targetHints":{"allow":["GET"]}}],"collection":[{"href":"https:\/\/vi2vals-immigration.ca\/en\/wp-json\/wp\/v2\/pages"}],"about":[{"href":"https:\/\/vi2vals-immigration.ca\/en\/wp-json\/wp\/v2\/types\/page"}],"author":[{"embeddable":true,"href":"https:\/\/vi2vals-immigration.ca\/en\/wp-json\/wp\/v2\/users\/1"}],"replies":[{"embeddable":true,"href":"https:\/\/vi2vals-immigration.ca\/en\/wp-json\/wp\/v2\/comments?post=446"}],"version-history":[{"count":102,"href":"https:\/\/vi2vals-immigration.ca\/en\/wp-json\/wp\/v2\/pages\/446\/revisions"}],"predecessor-version":[{"id":2701,"href":"https:\/\/vi2vals-immigration.ca\/en\/wp-json\/wp\/v2\/pages\/446\/revisions\/2701"}],"wp:featuredmedia":[{"embeddable":true,"href":"https:\/\/vi2vals-immigration.ca\/en\/wp-json\/wp\/v2\/media\/854"}],"wp:attachment":[{"href":"https:\/\/vi2vals-immigration.ca\/en\/wp-json\/wp\/v2\/media?parent=446"}],"curies":[{"name":"wp","href":"https:\/\/api.w.org\/{rel}","templated":true}]}}