{"id":3361,"date":"2021-12-31T08:17:21","date_gmt":"2021-12-31T07:17:21","guid":{"rendered":"https:\/\/vi2vals-immigration.ca\/?page_id=3361"},"modified":"2021-12-31T08:58:23","modified_gmt":"2021-12-31T07:58:23","slug":"mission-de-recrutement","status":"publish","type":"page","link":"https:\/\/vi2vals-immigration.ca\/en\/emplois\/mission-de-recrutement\/","title":{"rendered":"Mission de recrutement"},"content":{"rendered":"<div data-elementor-type=\"wp-page\" data-elementor-id=\"3361\" class=\"elementor elementor-3361\">\n\t\t\t\t\t\t\t\t\t<section data-particle_enable=\"false\" data-particle-mobile-disabled=\"false\" class=\"elementor-section elementor-top-section elementor-element elementor-element-aa598b3 elementor-section-boxed elementor-section-height-default elementor-section-height-default\" data-id=\"aa598b3\" data-element_type=\"section\">\n\t\t\t\t\t\t<div class=\"elementor-container elementor-column-gap-default\">\n\t\t\t\t\t<div class=\"elementor-column elementor-col-100 elementor-top-column elementor-element elementor-element-afbbb22\" data-id=\"afbbb22\" data-element_type=\"column\">\n\t\t\t<div class=\"elementor-widget-wrap elementor-element-populated\">\n\t\t\t\t\t\t\t\t<div class=\"elementor-element elementor-element-a40da3d elementor-widget elementor-widget-text-editor\" data-id=\"a40da3d\" data-element_type=\"widget\" data-widget_type=\"text-editor.default\">\n\t\t\t\t<div class=\"elementor-widget-container\">\n\t\t\t<style>\/*! elementor - v3.11.0 - 13-02-2023 *\/\n.elementor-widget-text-editor.elementor-drop-cap-view-stacked .elementor-drop-cap{background-color:#818a91;color:#fff}.elementor-widget-text-editor.elementor-drop-cap-view-framed .elementor-drop-cap{color:#818a91;border:3px solid;background-color:transparent}.elementor-widget-text-editor:not(.elementor-drop-cap-view-default) .elementor-drop-cap{margin-top:8px}.elementor-widget-text-editor:not(.elementor-drop-cap-view-default) .elementor-drop-cap-letter{width:1em;height:1em}.elementor-widget-text-editor .elementor-drop-cap{float:left;text-align:center;line-height:1;font-size:50px}.elementor-widget-text-editor .elementor-drop-cap-letter{display:inline-block}<\/style>\t\t\t\t<div><div class=\"d-flex justify-content-center\"><h2 style=\"position: relative; display: block; font-size: 30px; line-height: 38px; font-weight: 600; margin-bottom: 12px; font-family: var( --e-global-typography-primary-font-family ), Sans-serif;\">MISSIONS DE RECRUTEMENT &amp; MOBILIT\u00c9<\/h2><\/div><h4>Les provinces et employeurs du Canada organisent des missions de recrutement \u00e0 l\u2019\u00e9tranger <br \/>pour combler leur besoin en main d\u2019\u0153uvre.<\/h4><\/div>\t\t\t\t\t\t<\/div>\n\t\t\t\t<\/div>\n\t\t\t\t\t<\/div>\n\t\t<\/div>\n\t\t\t\t\t\t\t<\/div>\n\t\t<\/section>\n\t\t\t\t<section data-particle_enable=\"false\" data-particle-mobile-disabled=\"false\" class=\"elementor-section elementor-top-section elementor-element elementor-element-0c5e83f elementor-section-boxed elementor-section-height-default elementor-section-height-default\" data-id=\"0c5e83f\" data-element_type=\"section\">\n\t\t\t\t\t\t<div class=\"elementor-container elementor-column-gap-default\">\n\t\t\t\t\t<div class=\"elementor-column elementor-col-100 elementor-top-column elementor-element elementor-element-8046eda\" data-id=\"8046eda\" data-element_type=\"column\">\n\t\t\t<div class=\"elementor-widget-wrap elementor-element-populated\">\n\t\t\t\t\t\t\t\t<div class=\"elementor-element elementor-element-7183aac elementor-widget elementor-widget-visarzo_faq\" data-id=\"7183aac\" data-element_type=\"widget\" data-widget_type=\"visarzo_faq.default\">\n\t\t\t\t<div class=\"elementor-widget-container\">\n\t\t\t\t\t<!-- faq-section -->\n\t\t  \n\t\t<!-- faq-style-two -->\n\t\t<section class=\"faq-section style-two\">\n\t\t\t<div class=\"auto-container\">\n\t\t\t\t<div class=\"inner-box\">\n\t\t\t\t<h2 class=\"faq\"><\/h2>\n\t\t\t\t\t<ul class=\"accordion-box\">\n\t\t\t\t\t\t\t\t\t\t\t\t\t<li class=\"accordion block active-block\">\n\t\t\t\t\t\t\t\t<div class=\"acc-btn active\">\n\t\t\t\t\t\t\t\t\t<div class=\"icon-outer\"><i class=\"fas fa-angle-down\"><\/i><\/div>\n\t\t\t\t\t\t\t\t\t<h5>MISSION DE RECRUTEMENT AU NOUVEAU BRUNSWICK<\/h5>\n\t\t\t\t\t\t\t\t<\/div>\n\t\t\t\t\t\t\t\t<div class=\"acc-content current\">\n\t\t\t\t\t\t\t\t\t<p>Les employeurs du Nouveau Brunswick organisent actuellement des missions virtuelles de\nrecrutement pour les professions suivantes :\n<br\/><br\/>\n8241 \u2013 Conducteurs\/conductrices de machines d&#39;abattage d&#39;arbres\n<br\/>\n9431 \u2013 Op\u00e9rateurs\/op\u00e9ratrices de machines \u00e0 scier dans les scieries\n<br\/>\n9437 \u2013 Op\u00e9rateurs\/op\u00e9ratrices de machines \u00e0 travailler le bois\n<br\/>\n7511 \u2013 Conducteurs\/conductrices de camions de transport\n<br\/>\n8431 \u2013 Ouvriers\/ouvri\u00e8res agricoles\n<br\/>\n9462 \u2013 Bouchers industriels\/bouch\u00e8res industrielles, d\u00e9peceurs-d\u00e9coupeurs\/d\u00e9peceuses-d\u00e9coupeuses de viande, pr\u00e9parateurs\/pr\u00e9paratrices de volaille et personnel assimil\u00e9\n<br\/>\n9617 \u2013 Man\u0153uvres dans la transformation des aliments et des boissons<br\/><br\/>\n<em style=\"color:#ec1c24\">*Notez que seuls les candidats s\u00e9lectionn\u00e9es par les employeurs pourront seront invit\u00e9s \u00e0 continuer les proc\u00e9dures<\/em>. La\nsoumission de votre candidature ne garantit donc pas une invitation.\n\n<div class=\"d-flex justify-content-center col-lg-12 col-md-4 col-sm-12 col-lg-4 p-0\"><a class=\"theme-btn-two col-lg-4 col-md-4 col-sm-12\" style=\"background-color: #ec1c24 !important;\" href=\"https:\/\/developpement.vi2vals-immigration.ca\/emplois\/candidature-a-linternationale\/candidature-a-linternationale\">Je soumets ma candidature<\/a><\/div><\/p>\n\t\t\t\t\t\t\t\t<\/div>\n\t\t\t\t\t\t\t<\/li> \n\t\t\t\t\t\t\t\t\t\t\t\t\t\t<li class=\"accordion block\">\n\t\t\t\t\t\t\t\t<div class=\"acc-btn\">\n\t\t\t\t\t\t\t\t\t<div class=\"icon-outer\"><i class=\"fas fa-angle-down\"><\/i><\/div>\n\t\t\t\t\t\t\t\t\t<h5>MISSION DE RECRUTEMENT DES INFIRMIERS AU QUEBEC<\/h5>\n\t\t\t\t\t\t\t\t<\/div>\n\t\t\t\t\t\t\t\t<div class=\"acc-content\">\n\t\t\t\t\t\t\t\t\t<p><div class=\"d-flex justify-content-center col-lg-12 col-md-4 col-sm-12 col-lg-4 p-0\"><a class=\"theme-btn-two col-lg-4 col-md-4 col-sm-12\" style=\"background-color: #000 !important;\" href=\"\">En cours de r\u00e9daction<\/a><\/div><\/p>\n\t\t\t\t\t\t\t\t<\/div>\n\t\t\t\t\t\t\t<\/li> \n\t\t\t\t\t\t\t\t\t\t\t\t\t\t<li class=\"accordion block\">\n\t\t\t\t\t\t\t\t<div class=\"acc-btn\">\n\t\t\t\t\t\t\t\t\t<div class=\"icon-outer\"><i class=\"fas fa-angle-down\"><\/i><\/div>\n\t\t\t\t\t\t\t\t\t<h5>DESTINATION CANADA\n<\/h5>\n\t\t\t\t\t\t\t\t<\/div>\n\t\t\t\t\t\t\t\t<div class=\"acc-content\">\n\t\t\t\t\t\t\t\t\t<p>Rendez-vous incontournable pour l\u2019immigration temporaire ou permanente au aCanada, le forum\nde mobilit\u00e9 Destination Canada aura lieu du <strong>18 au 20 Novembre 2021.<\/strong>\n<br\/>\n\u2022 Rencontrez les employeurs <br\/>\n\u2022 Entretenez-vous avec des repr\u00e9sentants des provinces, des territoires du Canada, des\ncommunaut\u00e9s francophones <br\/>\nParticiper au forum de mobilit\u00e9 Destination Canada am\u00e9liore vos chances d\u2019immigrer au\nCanada. <br\/>\nNous vous aidons \u00e0 vous y inscrire.<br\/>\n<br\/>\n<em style=\"color:#ec1c24\">*Notez que seuls les candidats invit\u00e9s par les organisateurs pourront participer \u00e0 l\u2019\u00e9v\u00e9nement<\/em>. Les invitations \u00e0\nl\u2019\u00e9v\u00e9nement en ligne en direct sont envoy\u00e9es selon les besoins du march\u00e9 canadien du travail. La soumission de votre\ncandidature ne garantit donc pas une invitation.<br\/><br\/>\nAvant de compl\u00e9ter le formulaire, vous devez avoir votre curriculum vit\u00e6 en fran\u00e7ais et en\nanglais selon le format canadien.\n<br\/>\n<div class=\"d-flex justify-content-center col-lg-12 col-md-4 col-sm-12 col-lg-4 p-0\"><a class=\"theme-btn-two col-lg-4 col-md-4 col-sm-12\" style=\"background-color: #ec1c24 !important;\" href=\"https:\/\/destinationcanada2021.vfairs.com\/fr\/registration\">Je m'enregistre<\/a><\/div><\/p>\n\t\t\t\t\t\t\t\t<\/div>\n\t\t\t\t\t\t\t<\/li> \n\t\t\t\t\t\t\t\n\t\t\t\t\t<\/ul>\n\t\t\t\t<\/div>\n\t\t\t<\/div>\n\t\t<\/section>\n\t\t\t\t<!-- faq-style-two end -->\n\t\t\t\t<\/div>\n\t\t\t\t<\/div>\n\t\t\t\t\t<\/div>\n\t\t<\/div>\n\t\t\t\t\t\t\t<\/div>\n\t\t<\/section>\n\t\t\t\t\t\t\t<\/div>","protected":false},"excerpt":{"rendered":"<p>MISSIONS DE RECRUTEMENT &amp; MOBILIT\u00c9 Les provinces et employeurs du Canada organisent des missions de recrutement \u00e0 l\u2019\u00e9tranger pour combler [&hellip;]<\/p>","protected":false},"author":1,"featured_media":0,"parent":2351,"menu_order":0,"comment_status":"closed","ping_status":"closed","template":"","meta":{"footnotes":""},"class_list":["post-3361","page","type-page","status-publish","hentry"],"yoast_head":"<!-- This site is optimized with the Yoast SEO plugin v20.1 - https:\/\/yoast.com\/wordpress\/plugins\/seo\/ -->\n<title>Mission de recrutement - Vi2vals-Immigration<\/title>\n<meta name=\"robots\" content=\"index, follow, max-snippet:-1, max-image-preview:large, max-video-preview:-1\" \/>\n<link rel=\"canonical\" href=\"https:\/\/vi2vals-immigration.ca\/en\/emplois\/mission-de-recrutement\/\" \/>\n<meta property=\"og:locale\" content=\"en_GB\" \/>\n<meta property=\"og:type\" content=\"article\" \/>\n<meta property=\"og:title\" content=\"Mission de recrutement - Vi2vals-Immigration\" \/>\n<meta property=\"og:description\" content=\"MISSIONS DE RECRUTEMENT &amp; MOBILIT\u00c9 Les provinces et employeurs du Canada organisent des missions de recrutement \u00e0 l\u2019\u00e9tranger pour combler [&hellip;]\" \/>\n<meta property=\"og:url\" content=\"https:\/\/vi2vals-immigration.ca\/en\/emplois\/mission-de-recrutement\/\" \/>\n<meta property=\"og:site_name\" content=\"Vi2vals-Immigration\" \/>\n<meta property=\"article:publisher\" content=\"https:\/\/www.facebook.com\/Vi2ValsImmigration\" \/>\n<meta property=\"article:modified_time\" content=\"2021-12-31T07:58:23+00:00\" \/>\n<meta name=\"twitter:card\" content=\"summary_large_image\" \/>\n<meta name=\"twitter:label1\" content=\"Estimated reading time\" \/>\n\t<meta name=\"twitter:data1\" content=\"1 minute\" \/>\n<script type=\"application\/ld+json\" class=\"yoast-schema-graph\">{\"@context\":\"https:\/\/schema.org\",\"@graph\":[{\"@type\":\"WebPage\",\"@id\":\"https:\/\/vi2vals-immigration.ca\/emplois\/mission-de-recrutement\/\",\"url\":\"https:\/\/vi2vals-immigration.ca\/emplois\/mission-de-recrutement\/\",\"name\":\"Mission de recrutement - Vi2vals-Immigration\",\"isPartOf\":{\"@id\":\"https:\/\/vi2vals-immigration.ca\/#website\"},\"datePublished\":\"2021-12-31T07:17:21+00:00\",\"dateModified\":\"2021-12-31T07:58:23+00:00\",\"breadcrumb\":{\"@id\":\"https:\/\/vi2vals-immigration.ca\/emplois\/mission-de-recrutement\/#breadcrumb\"},\"inLanguage\":\"en-GB\",\"potentialAction\":[{\"@type\":\"ReadAction\",\"target\":[\"https:\/\/vi2vals-immigration.ca\/emplois\/mission-de-recrutement\/\"]}]},{\"@type\":\"BreadcrumbList\",\"@id\":\"https:\/\/vi2vals-immigration.ca\/emplois\/mission-de-recrutement\/#breadcrumb\",\"itemListElement\":[{\"@type\":\"ListItem\",\"position\":1,\"name\":\"Accueil\",\"item\":\"https:\/\/vi2vals-immigration.ca\/\"},{\"@type\":\"ListItem\",\"position\":2,\"name\":\"Emplois\",\"item\":\"https:\/\/vi2vals-immigration.ca\/emplois\/\"},{\"@type\":\"ListItem\",\"position\":3,\"name\":\"Mission de recrutement\"}]},{\"@type\":\"WebSite\",\"@id\":\"https:\/\/vi2vals-immigration.ca\/#website\",\"url\":\"https:\/\/vi2vals-immigration.ca\/\",\"name\":\"Vi2vals-Immigration\",\"description\":\"votre projet de A \u00e0 Z\",\"publisher\":{\"@id\":\"https:\/\/vi2vals-immigration.ca\/#organization\"},\"potentialAction\":[{\"@type\":\"SearchAction\",\"target\":{\"@type\":\"EntryPoint\",\"urlTemplate\":\"https:\/\/vi2vals-immigration.ca\/?s={search_term_string}\"},\"query-input\":\"required name=search_term_string\"}],\"inLanguage\":\"en-GB\"},{\"@type\":\"Organization\",\"@id\":\"https:\/\/vi2vals-immigration.ca\/#organization\",\"name\":\"Vi2vals Immigration Inc.\",\"url\":\"https:\/\/vi2vals-immigration.ca\/\",\"logo\":{\"@type\":\"ImageObject\",\"inLanguage\":\"en-GB\",\"@id\":\"https:\/\/vi2vals-immigration.ca\/#\/schema\/logo\/image\/\",\"url\":\"https:\/\/vi2vals-immigration.ca\/wp-content\/uploads\/2022\/01\/logoSEO.jpeg\",\"contentUrl\":\"https:\/\/vi2vals-immigration.ca\/wp-content\/uploads\/2022\/01\/logoSEO.jpeg\",\"width\":363,\"height\":363,\"caption\":\"Vi2vals Immigration Inc.\"},\"image\":{\"@id\":\"https:\/\/vi2vals-immigration.ca\/#\/schema\/logo\/image\/\"},\"sameAs\":[\"https:\/\/www.facebook.com\/Vi2ValsImmigration\"]}]}<\/script>\n<!-- \/ Yoast SEO plugin. -->","yoast_head_json":{"title":"Mission de recrutement - Vi2vals-Immigration","robots":{"index":"index","follow":"follow","max-snippet":"max-snippet:-1","max-image-preview":"max-image-preview:large","max-video-preview":"max-video-preview:-1"},"canonical":"https:\/\/vi2vals-immigration.ca\/en\/emplois\/mission-de-recrutement\/","og_locale":"en_GB","og_type":"article","og_title":"Mission de recrutement - Vi2vals-Immigration","og_description":"MISSIONS DE RECRUTEMENT &amp; MOBILIT\u00c9 Les provinces et employeurs du Canada organisent des missions de recrutement \u00e0 l\u2019\u00e9tranger pour combler [&hellip;]","og_url":"https:\/\/vi2vals-immigration.ca\/en\/emplois\/mission-de-recrutement\/","og_site_name":"Vi2vals-Immigration","article_publisher":"https:\/\/www.facebook.com\/Vi2ValsImmigration","article_modified_time":"2021-12-31T07:58:23+00:00","twitter_card":"summary_large_image","twitter_misc":{"Estimated reading time":"1 minute"},"schema":{"@context":"https:\/\/schema.org","@graph":[{"@type":"WebPage","@id":"https:\/\/vi2vals-immigration.ca\/emplois\/mission-de-recrutement\/","url":"https:\/\/vi2vals-immigration.ca\/emplois\/mission-de-recrutement\/","name":"Mission de recrutement - Vi2vals-Immigration","isPartOf":{"@id":"https:\/\/vi2vals-immigration.ca\/#website"},"datePublished":"2021-12-31T07:17:21+00:00","dateModified":"2021-12-31T07:58:23+00:00","breadcrumb":{"@id":"https:\/\/vi2vals-immigration.ca\/emplois\/mission-de-recrutement\/#breadcrumb"},"inLanguage":"en-GB","potentialAction":[{"@type":"ReadAction","target":["https:\/\/vi2vals-immigration.ca\/emplois\/mission-de-recrutement\/"]}]},{"@type":"BreadcrumbList","@id":"https:\/\/vi2vals-immigration.ca\/emplois\/mission-de-recrutement\/#breadcrumb","itemListElement":[{"@type":"ListItem","position":1,"name":"Accueil","item":"https:\/\/vi2vals-immigration.ca\/"},{"@type":"ListItem","position":2,"name":"Emplois","item":"https:\/\/vi2vals-immigration.ca\/emplois\/"},{"@type":"ListItem","position":3,"name":"Mission de recrutement"}]},{"@type":"WebSite","@id":"https:\/\/vi2vals-immigration.ca\/#website","url":"https:\/\/vi2vals-immigration.ca\/","name":"Vi2vals-Immigration","description":"votre projet de A \u00e0 Z","publisher":{"@id":"https:\/\/vi2vals-immigration.ca\/#organization"},"potentialAction":[{"@type":"SearchAction","target":{"@type":"EntryPoint","urlTemplate":"https:\/\/vi2vals-immigration.ca\/?s={search_term_string}"},"query-input":"required name=search_term_string"}],"inLanguage":"en-GB"},{"@type":"Organization","@id":"https:\/\/vi2vals-immigration.ca\/#organization","name":"Vi2vals Immigration Inc.","url":"https:\/\/vi2vals-immigration.ca\/","logo":{"@type":"ImageObject","inLanguage":"en-GB","@id":"https:\/\/vi2vals-immigration.ca\/#\/schema\/logo\/image\/","url":"https:\/\/vi2vals-immigration.ca\/wp-content\/uploads\/2022\/01\/logoSEO.jpeg","contentUrl":"https:\/\/vi2vals-immigration.ca\/wp-content\/uploads\/2022\/01\/logoSEO.jpeg","width":363,"height":363,"caption":"Vi2vals Immigration Inc."},"image":{"@id":"https:\/\/vi2vals-immigration.ca\/#\/schema\/logo\/image\/"},"sameAs":["https:\/\/www.facebook.com\/Vi2ValsImmigration"]}]}},"_links":{"self":[{"href":"https:\/\/vi2vals-immigration.ca\/en\/wp-json\/wp\/v2\/pages\/3361","targetHints":{"allow":["GET"]}}],"collection":[{"href":"https:\/\/vi2vals-immigration.ca\/en\/wp-json\/wp\/v2\/pages"}],"about":[{"href":"https:\/\/vi2vals-immigration.ca\/en\/wp-json\/wp\/v2\/types\/page"}],"author":[{"embeddable":true,"href":"https:\/\/vi2vals-immigration.ca\/en\/wp-json\/wp\/v2\/users\/1"}],"replies":[{"embeddable":true,"href":"https:\/\/vi2vals-immigration.ca\/en\/wp-json\/wp\/v2\/comments?post=3361"}],"version-history":[{"count":7,"href":"https:\/\/vi2vals-immigration.ca\/en\/wp-json\/wp\/v2\/pages\/3361\/revisions"}],"predecessor-version":[{"id":3374,"href":"https:\/\/vi2vals-immigration.ca\/en\/wp-json\/wp\/v2\/pages\/3361\/revisions\/3374"}],"up":[{"embeddable":true,"href":"https:\/\/vi2vals-immigration.ca\/en\/wp-json\/wp\/v2\/pages\/2351"}],"wp:attachment":[{"href":"https:\/\/vi2vals-immigration.ca\/en\/wp-json\/wp\/v2\/media?parent=3361"}],"curies":[{"name":"wp","href":"https:\/\/api.w.org\/{rel}","templated":true}]}}