{"id":3,"date":"2021-08-06T22:55:04","date_gmt":"2021-08-06T20:55:04","guid":{"rendered":"https:\/\/vi2vals-immigration.ca\/?page_id=3"},"modified":"2022-04-29T05:40:10","modified_gmt":"2022-04-29T03:40:10","slug":"politique-de-confidentialite","status":"publish","type":"page","link":"https:\/\/vi2vals-immigration.ca\/en\/politique-de-confidentialite\/","title":{"rendered":"privacy policy"},"content":{"rendered":"<div data-elementor-type=\"wp-page\" data-elementor-id=\"3\" class=\"elementor elementor-3\">\n\t\t\t\t\t\t\t\t\t<section data-particle_enable=\"false\" data-particle-mobile-disabled=\"false\" class=\"elementor-section elementor-top-section elementor-element elementor-element-14c367d2 elementor-section-boxed elementor-section-height-default elementor-section-height-default\" data-id=\"14c367d2\" data-element_type=\"section\">\n\t\t\t\t\t\t<div class=\"elementor-container elementor-column-gap-default\">\n\t\t\t\t\t<div class=\"elementor-column elementor-col-100 elementor-top-column elementor-element elementor-element-728e906f\" data-id=\"728e906f\" data-element_type=\"column\">\n\t\t\t<div class=\"elementor-widget-wrap elementor-element-populated\">\n\t\t\t\t\t\t\t\t<div class=\"elementor-element elementor-element-70cbb001 elementor-widget elementor-widget-text-editor\" data-id=\"70cbb001\" data-element_type=\"widget\" data-widget_type=\"text-editor.default\">\n\t\t\t\t<div class=\"elementor-widget-container\">\n\t\t\t<style>\/*! elementor - v3.11.0 - 13-02-2023 *\/\n.elementor-widget-text-editor.elementor-drop-cap-view-stacked .elementor-drop-cap{background-color:#818a91;color:#fff}.elementor-widget-text-editor.elementor-drop-cap-view-framed .elementor-drop-cap{color:#818a91;border:3px solid;background-color:transparent}.elementor-widget-text-editor:not(.elementor-drop-cap-view-default) .elementor-drop-cap{margin-top:8px}.elementor-widget-text-editor:not(.elementor-drop-cap-view-default) .elementor-drop-cap-letter{width:1em;height:1em}.elementor-widget-text-editor .elementor-drop-cap{float:left;text-align:center;line-height:1;font-size:50px}.elementor-widget-text-editor .elementor-drop-cap-letter{display:inline-block}<\/style>\t\t\t\t<!-- wp:heading -->\n<p><strong><strong class=\"privacy-policy-tutorial\"><span style=\"font-weight: 400;\">This Privacy Policy describes how your data is collected from you, how we use it, and the circumstances in which your personal information is shared.<\/span><\/strong><\/strong><\/p>\n<h2>Who we are?<\/h2>\n<!-- \/wp:heading --><!-- wp:paragraph -->\n<p><strong class=\"privacy-policy-tutorial\"><span style=\"font-weight: 400;\">Vi2vals Immigration Inc.<\/span><span style=\"font-weight: 400;\"> is a Canadian law firm specializing in law and immigration. We help you to complete all the procedures and procedures related to your immigration project at a lower cost.<\/span><\/strong><\/p>\n<!-- \/wp:paragraph --><!-- wp:heading -->\n<h2>The data we collect<\/h2>\n<!-- \/wp:heading --><!-- wp:paragraph -->\n<p><strong class=\"privacy-policy-tutorial\"><span style=\"font-weight: 400;\">VI2VALS Immigration Inc. because of the nature of its activity, directly collects your personal data through the registration to the newsletter and the filling of the various forms for your procedures or information request on our website. This is information that can identify you, such as your last name, first name, e-mail address, postal address, telephone number, education, work experience, background, etc.<\/span><\/strong><\/p>\n<!-- \/wp:paragraph --><!-- wp:heading -->\n<h2>Why are these data collected\u00a0<\/h2>\n<!-- \/wp:heading --><!-- wp:paragraph -->\n<p><span style=\"font-weight: 400;\">The personal data and information you provide is used as follows:<\/span><\/p>\n<p><span style=\"font-weight: 400;\"><strong>newsletter<\/strong>\u00a0: by subscribing to our newsletter, you give us permission to send you messages related to our activity in order to allow you to receive the latest updates and offers from us.\u00a0<\/span><\/p>\n<p><span style=\"font-weight: 400;\"><strong>Forms<\/strong> : This information is used to assess your immigration profile and to help guide you through the options available to you to help you succeed in your immigration project in Canada.\u00a0<\/span><\/p>\n<p><span style=\"font-weight: 400;\">The information collected in the context of requests for information is in order to answer your various questions by being more precise in relation to your expressed need\u00a0<\/span><\/p>\n<p><span style=\"font-weight: 400;\">An email may be sent to you regarding the company\u2019s services and updates.<\/span><\/p>\n<h2>Preservation and protection of information<\/h2>\n<!-- \/wp:heading --><!-- wp:paragraph -->\n<p><strong class=\"privacy-policy-tutorial\"><span style=\"font-weight: 400;\">We implement a variety of security measures to safeguard the security of your personal information collected. We use encryption to protect sensitive information transmitted online. The hosting that our domain name uses is secure. We also protect your offline information, including information received on physical media. Only employees who need to do specific work have traceability. The computers, servers, physical archiving used to store your information are kept in a secure environment.<\/span><\/strong><\/p>\n<!-- \/wp:paragraph --><!-- wp:heading -->\n<h2>Information sharing\u00a0<\/h2>\n<!-- \/wp:heading --><!-- wp:paragraph -->\n<p><span style=\"font-weight: 400;\">Your personal data collected is considered strictly confidential and treated as such and only in the context of our activities. We will not post, transfer, or publicly disclose to other users or third parties your personally identifiable information without your express consent. <\/span><\/p>\n<!-- \/wp:paragraph --><!-- wp:heading -->\n<h2>Your rights<\/h2>\n<!-- \/wp:heading --><!-- wp:paragraph -->\n<p><strong class=\"privacy-policy-tutorial\"><span style=\"font-weight: 400;\">You can change certain information provided by contacting us via email, you also have the right to request the deletion of your personal information in our database as long as no transaction has yet been made. <\/span><\/strong><\/p>\n<!-- \/wp:paragraph --><!-- wp:heading -->\n<h2>Modification of the Privacy Policy\u00a0<\/h2>\n<!-- \/wp:heading --><!-- wp:paragraph -->\n<p><strong class=\"privacy-policy-tutorial\"><span style=\"font-weight: 400;\">This privacy policy may be reviewed or modified over time in order to better adapt it to the activity and the different service of the company. You will be informed of any changes via email as soon as the changes are implemented and any new use of our services after notification of updates to the privacy policy means that you are in full agreement with the updates to day and change made. <\/span><\/strong>Les droits que vous avez sur vos donn\u00e9es.<\/p>\n<!-- \/wp:heading --><!-- wp:paragraph --><!-- \/wp:paragraph --><!-- wp:heading --><!-- \/wp:paragraph -->\t\t\t\t\t\t<\/div>\n\t\t\t\t<\/div>\n\t\t\t\t\t<\/div>\n\t\t<\/div>\n\t\t\t\t\t\t\t<\/div>\n\t\t<\/section>\n\t\t\t\t\t\t\t<\/div>","protected":false},"excerpt":{"rendered":"<p>Cette politique de confidentialit\u00e9 d\u00e9crit la mani\u00e8re dont vos donn\u00e9es sont collect\u00e9es aupr\u00e8s de vous, la fa\u00e7on dont nous les [&hellip;]<\/p>","protected":false},"author":1,"featured_media":3975,"parent":0,"menu_order":0,"comment_status":"closed","ping_status":"open","template":"","meta":{"footnotes":""},"class_list":["post-3","page","type-page","status-publish","has-post-thumbnail","hentry"],"yoast_head":"<!-- This site is optimized with the Yoast SEO plugin v20.1 - https:\/\/yoast.com\/wordpress\/plugins\/seo\/ -->\n<title>Politique de confidentialit\u00e9 - Vi2vals-Immigration Inc.<\/title>\n<meta name=\"description\" content=\"Cette politique de confidentialit\u00e9 d\u00e9crit la mani\u00e8re dont vos donn\u00e9es sont collect\u00e9es aupr\u00e8s de vous, la fa\u00e7on dont nous les utilisons.\" \/>\n<meta name=\"robots\" content=\"index, follow, max-snippet:-1, max-image-preview:large, max-video-preview:-1\" \/>\n<link rel=\"canonical\" href=\"https:\/\/vi2vals-immigration.ca\/en\/politique-de-confidentialite\/\" \/>\n<meta property=\"og:locale\" content=\"en_GB\" \/>\n<meta property=\"og:type\" content=\"article\" \/>\n<meta property=\"og:title\" content=\"Politique de confidentialit\u00e9 - Vi2vals-Immigration Inc.\" \/>\n<meta property=\"og:description\" content=\"Cette politique de confidentialit\u00e9 d\u00e9crit la mani\u00e8re dont vos donn\u00e9es sont collect\u00e9es aupr\u00e8s de vous, la fa\u00e7on dont nous les utilisons.\" \/>\n<meta property=\"og:url\" content=\"https:\/\/vi2vals-immigration.ca\/en\/politique-de-confidentialite\/\" \/>\n<meta property=\"og:site_name\" content=\"Vi2vals-Immigration\" \/>\n<meta property=\"article:publisher\" content=\"https:\/\/www.facebook.com\/Vi2ValsImmigration\" \/>\n<meta property=\"article:modified_time\" content=\"2022-04-29T03:40:10+00:00\" \/>\n<meta property=\"og:image\" content=\"https:\/\/vi2vals-immigration.ca\/wp-content\/uploads\/2022\/04\/confidentiality.jpeg\" \/>\n\t<meta property=\"og:image:width\" content=\"2392\" \/>\n\t<meta property=\"og:image:height\" content=\"1342\" \/>\n\t<meta property=\"og:image:type\" content=\"image\/jpeg\" \/>\n<meta name=\"twitter:card\" content=\"summary_large_image\" \/>\n<meta name=\"twitter:label1\" content=\"Estimated reading time\" \/>\n\t<meta name=\"twitter:data1\" content=\"3 minutes\" \/>\n<script type=\"application\/ld+json\" class=\"yoast-schema-graph\">{\"@context\":\"https:\/\/schema.org\",\"@graph\":[{\"@type\":\"WebPage\",\"@id\":\"https:\/\/vi2vals-immigration.ca\/politique-de-confidentialite\/\",\"url\":\"https:\/\/vi2vals-immigration.ca\/politique-de-confidentialite\/\",\"name\":\"Politique de confidentialit\u00e9 - Vi2vals-Immigration Inc.\",\"isPartOf\":{\"@id\":\"https:\/\/vi2vals-immigration.ca\/#website\"},\"datePublished\":\"2021-08-06T20:55:04+00:00\",\"dateModified\":\"2022-04-29T03:40:10+00:00\",\"description\":\"Cette politique de confidentialit\u00e9 d\u00e9crit la mani\u00e8re dont vos donn\u00e9es sont collect\u00e9es aupr\u00e8s de vous, la fa\u00e7on dont nous les utilisons.\",\"breadcrumb\":{\"@id\":\"https:\/\/vi2vals-immigration.ca\/politique-de-confidentialite\/#breadcrumb\"},\"inLanguage\":\"en-GB\",\"potentialAction\":[{\"@type\":\"ReadAction\",\"target\":[\"https:\/\/vi2vals-immigration.ca\/politique-de-confidentialite\/\"]}]},{\"@type\":\"BreadcrumbList\",\"@id\":\"https:\/\/vi2vals-immigration.ca\/politique-de-confidentialite\/#breadcrumb\",\"itemListElement\":[{\"@type\":\"ListItem\",\"position\":1,\"name\":\"Accueil\",\"item\":\"https:\/\/vi2vals-immigration.ca\/\"},{\"@type\":\"ListItem\",\"position\":2,\"name\":\"Politique de confidentialit\u00e9\"}]},{\"@type\":\"WebSite\",\"@id\":\"https:\/\/vi2vals-immigration.ca\/#website\",\"url\":\"https:\/\/vi2vals-immigration.ca\/\",\"name\":\"Vi2vals-Immigration\",\"description\":\"votre projet de A \u00e0 Z\",\"publisher\":{\"@id\":\"https:\/\/vi2vals-immigration.ca\/#organization\"},\"potentialAction\":[{\"@type\":\"SearchAction\",\"target\":{\"@type\":\"EntryPoint\",\"urlTemplate\":\"https:\/\/vi2vals-immigration.ca\/?s={search_term_string}\"},\"query-input\":\"required name=search_term_string\"}],\"inLanguage\":\"en-GB\"},{\"@type\":\"Organization\",\"@id\":\"https:\/\/vi2vals-immigration.ca\/#organization\",\"name\":\"Vi2vals Immigration Inc.\",\"url\":\"https:\/\/vi2vals-immigration.ca\/\",\"logo\":{\"@type\":\"ImageObject\",\"inLanguage\":\"en-GB\",\"@id\":\"https:\/\/vi2vals-immigration.ca\/#\/schema\/logo\/image\/\",\"url\":\"https:\/\/vi2vals-immigration.ca\/wp-content\/uploads\/2022\/01\/logoSEO.jpeg\",\"contentUrl\":\"https:\/\/vi2vals-immigration.ca\/wp-content\/uploads\/2022\/01\/logoSEO.jpeg\",\"width\":363,\"height\":363,\"caption\":\"Vi2vals Immigration Inc.\"},\"image\":{\"@id\":\"https:\/\/vi2vals-immigration.ca\/#\/schema\/logo\/image\/\"},\"sameAs\":[\"https:\/\/www.facebook.com\/Vi2ValsImmigration\"]}]}<\/script>\n<!-- \/ Yoast SEO plugin. -->","yoast_head_json":{"title":"Politique de confidentialit\u00e9 - Vi2vals-Immigration Inc.","description":"Cette politique de confidentialit\u00e9 d\u00e9crit la mani\u00e8re dont vos donn\u00e9es sont collect\u00e9es aupr\u00e8s de vous, la fa\u00e7on dont nous les utilisons.","robots":{"index":"index","follow":"follow","max-snippet":"max-snippet:-1","max-image-preview":"max-image-preview:large","max-video-preview":"max-video-preview:-1"},"canonical":"https:\/\/vi2vals-immigration.ca\/en\/politique-de-confidentialite\/","og_locale":"en_GB","og_type":"article","og_title":"Politique de confidentialit\u00e9 - Vi2vals-Immigration Inc.","og_description":"Cette politique de confidentialit\u00e9 d\u00e9crit la mani\u00e8re dont vos donn\u00e9es sont collect\u00e9es aupr\u00e8s de vous, la fa\u00e7on dont nous les utilisons.","og_url":"https:\/\/vi2vals-immigration.ca\/en\/politique-de-confidentialite\/","og_site_name":"Vi2vals-Immigration","article_publisher":"https:\/\/www.facebook.com\/Vi2ValsImmigration","article_modified_time":"2022-04-29T03:40:10+00:00","og_image":[{"width":2392,"height":1342,"url":"https:\/\/vi2vals-immigration.ca\/wp-content\/uploads\/2022\/04\/confidentiality.jpeg","type":"image\/jpeg"}],"twitter_card":"summary_large_image","twitter_misc":{"Estimated reading time":"3 minutes"},"schema":{"@context":"https:\/\/schema.org","@graph":[{"@type":"WebPage","@id":"https:\/\/vi2vals-immigration.ca\/politique-de-confidentialite\/","url":"https:\/\/vi2vals-immigration.ca\/politique-de-confidentialite\/","name":"Politique de confidentialit\u00e9 - Vi2vals-Immigration Inc.","isPartOf":{"@id":"https:\/\/vi2vals-immigration.ca\/#website"},"datePublished":"2021-08-06T20:55:04+00:00","dateModified":"2022-04-29T03:40:10+00:00","description":"Cette politique de confidentialit\u00e9 d\u00e9crit la mani\u00e8re dont vos donn\u00e9es sont collect\u00e9es aupr\u00e8s de vous, la fa\u00e7on dont nous les utilisons.","breadcrumb":{"@id":"https:\/\/vi2vals-immigration.ca\/politique-de-confidentialite\/#breadcrumb"},"inLanguage":"en-GB","potentialAction":[{"@type":"ReadAction","target":["https:\/\/vi2vals-immigration.ca\/politique-de-confidentialite\/"]}]},{"@type":"BreadcrumbList","@id":"https:\/\/vi2vals-immigration.ca\/politique-de-confidentialite\/#breadcrumb","itemListElement":[{"@type":"ListItem","position":1,"name":"Accueil","item":"https:\/\/vi2vals-immigration.ca\/"},{"@type":"ListItem","position":2,"name":"Politique de confidentialit\u00e9"}]},{"@type":"WebSite","@id":"https:\/\/vi2vals-immigration.ca\/#website","url":"https:\/\/vi2vals-immigration.ca\/","name":"Vi2vals-Immigration","description":"votre projet de A \u00e0 Z","publisher":{"@id":"https:\/\/vi2vals-immigration.ca\/#organization"},"potentialAction":[{"@type":"SearchAction","target":{"@type":"EntryPoint","urlTemplate":"https:\/\/vi2vals-immigration.ca\/?s={search_term_string}"},"query-input":"required name=search_term_string"}],"inLanguage":"en-GB"},{"@type":"Organization","@id":"https:\/\/vi2vals-immigration.ca\/#organization","name":"Vi2vals Immigration Inc.","url":"https:\/\/vi2vals-immigration.ca\/","logo":{"@type":"ImageObject","inLanguage":"en-GB","@id":"https:\/\/vi2vals-immigration.ca\/#\/schema\/logo\/image\/","url":"https:\/\/vi2vals-immigration.ca\/wp-content\/uploads\/2022\/01\/logoSEO.jpeg","contentUrl":"https:\/\/vi2vals-immigration.ca\/wp-content\/uploads\/2022\/01\/logoSEO.jpeg","width":363,"height":363,"caption":"Vi2vals Immigration Inc."},"image":{"@id":"https:\/\/vi2vals-immigration.ca\/#\/schema\/logo\/image\/"},"sameAs":["https:\/\/www.facebook.com\/Vi2ValsImmigration"]}]}},"_links":{"self":[{"href":"https:\/\/vi2vals-immigration.ca\/en\/wp-json\/wp\/v2\/pages\/3","targetHints":{"allow":["GET"]}}],"collection":[{"href":"https:\/\/vi2vals-immigration.ca\/en\/wp-json\/wp\/v2\/pages"}],"about":[{"href":"https:\/\/vi2vals-immigration.ca\/en\/wp-json\/wp\/v2\/types\/page"}],"author":[{"embeddable":true,"href":"https:\/\/vi2vals-immigration.ca\/en\/wp-json\/wp\/v2\/users\/1"}],"replies":[{"embeddable":true,"href":"https:\/\/vi2vals-immigration.ca\/en\/wp-json\/wp\/v2\/comments?post=3"}],"version-history":[{"count":8,"href":"https:\/\/vi2vals-immigration.ca\/en\/wp-json\/wp\/v2\/pages\/3\/revisions"}],"predecessor-version":[{"id":4539,"href":"https:\/\/vi2vals-immigration.ca\/en\/wp-json\/wp\/v2\/pages\/3\/revisions\/4539"}],"wp:featuredmedia":[{"embeddable":true,"href":"https:\/\/vi2vals-immigration.ca\/en\/wp-json\/wp\/v2\/media\/3975"}],"wp:attachment":[{"href":"https:\/\/vi2vals-immigration.ca\/en\/wp-json\/wp\/v2\/media?parent=3"}],"curies":[{"name":"wp","href":"https:\/\/api.w.org\/{rel}","templated":true}]}}